{"id":266,"date":"2024-08-24T11:58:50","date_gmt":"2024-08-24T09:58:50","guid":{"rendered":"https:\/\/chakulamedia.es\/?page_id=266"},"modified":"2024-09-07T16:38:44","modified_gmt":"2024-09-07T14:38:44","slug":"quienes-somos","status":"publish","type":"page","link":"https:\/\/chakulamedia.es\/index.php\/quienes-somos\/","title":{"rendered":"\u00bfQui\u00e9nes somos?"},"content":{"rendered":"\t\t<div data-elementor-type=\"wp-page\" data-elementor-id=\"266\" class=\"elementor elementor-266\">\n\t\t\t\t<div class=\"elementor-element elementor-element-e2f5a8c e-flex e-con-boxed e-con e-parent\" data-id=\"e2f5a8c\" data-element_type=\"container\" data-e-type=\"container\">\n\t\t\t\t\t<div class=\"e-con-inner\">\n\t\t\t\t<div class=\"elementor-element elementor-element-6176e38 elementor-widget elementor-widget-heading\" data-id=\"6176e38\" data-element_type=\"widget\" data-e-type=\"widget\" data-widget_type=\"heading.default\">\n\t\t\t\t<div class=\"elementor-widget-container\">\n\t\t\t\t\t<h1 class=\"elementor-heading-title elementor-size-default\"><a href=\"https:\/\/chakulamedia.es\/\">Agencia de Marketing Digital y Publicidad en Asturias<\/a><\/h1>\t\t\t\t<\/div>\n\t\t\t\t<\/div>\n\t\t\t\t<div class=\"elementor-element elementor-element-9d18a16 elementor-widget elementor-widget-text-editor\" data-id=\"9d18a16\" data-element_type=\"widget\" data-e-type=\"widget\" data-widget_type=\"text-editor.default\">\n\t\t\t\t<div class=\"elementor-widget-container\">\n\t\t\t\t\t\t\t\t\t<p><span aria-hidden=\"true\">Soy <a href=\"https:\/\/www.linkedin.com\/in\/samuelmuniznorniella\/\">Samuel Mu\u00f1iz Norniella<\/a>, un apasionado del marketing digital y el social media, con m\u00e1s de 10 a\u00f1os de experiencia en el marketing digital. Actualmente, trabajo como Social Media Manager y T\u00e9cnico de Marketing Digital en <a href=\"https:\/\/www.grupoadarsa.com\/\">Adarsa<\/a>, un grupo de concesionarios oficiales de Mercedes-Benz, smart, Mitsubishi, RAY y <a href=\"https:\/\/www.adarsarent.com\/\">AdarsaRent<\/a>, donde gestiono las campa\u00f1as de SEM, el contenido para las redes sociales, el dise\u00f1o gr\u00e1fico y la plataforma web\/e-commerce.<\/span><\/p><p>Mi misi\u00f3n es ayudar a las empresas a incrementar su visibilidad, reputaci\u00f3n y ventas online, mediante estrategias de marketing adaptadas a las necesidades y objetivos de cada marca y cliente. Para ello, cuento con varias certificaciones de Google Analytics y SEMrush, as\u00ed como con conocimientos avanzados de Facebook Ads, SEO, Prestashop, Adobe Photoshop, Illustrator e Indesign. Adem\u00e1s, me gusta estar al d\u00eda de las \u00faltimas tendencias y herramientas del sector, y aprender de forma continua para mejorar mi desempe\u00f1o <span aria-hidden=\"true\">profesional.<\/span><\/p>\t\t\t\t\t\t\t\t<\/div>\n\t\t\t\t<\/div>\n\t\t\t\t\t<\/div>\n\t\t\t\t<\/div>\n\t\t<div class=\"elementor-element elementor-element-f63b915 e-flex e-con-boxed e-con e-parent\" data-id=\"f63b915\" data-element_type=\"container\" data-e-type=\"container\">\n\t\t\t\t\t<div class=\"e-con-inner\">\n\t\t\t\t<div class=\"elementor-element elementor-element-8138ada elementor-widget elementor-widget-image\" data-id=\"8138ada\" data-element_type=\"widget\" data-e-type=\"widget\" data-widget_type=\"image.default\">\n\t\t\t\t<div class=\"elementor-widget-container\">\n\t\t\t\t\t\t\t\t\t\t\t\t\t\t\t\t<a href=\"https:\/\/www.linkedin.com\/in\/samuelmuniznorniella\/\">\n\t\t\t\t\t\t\t<img decoding=\"async\" width=\"150\" height=\"150\" src=\"https:\/\/chakulamedia.es\/wp-content\/uploads\/2024\/08\/IMG_2580-150x150.jpg\" class=\"attachment-thumbnail size-thumbnail wp-image-270\" alt=\"\" \/>\t\t\t\t\t\t\t\t<\/a>\n\t\t\t\t\t\t\t\t\t\t\t\t\t\t\t<\/div>\n\t\t\t\t<\/div>\n\t\t\t\t\t<\/div>\n\t\t\t\t<\/div>\n\t\t\t\t<\/div>\n\t\t","protected":false},"excerpt":{"rendered":"<p>Agencia de Marketing Digital y Publicidad en Asturias Soy Samuel Mu\u00f1iz Norniella, un apasionado del marketing digital y el social media, con m\u00e1s de 10 a\u00f1os de experiencia en el marketing digital. Actualmente, trabajo como Social Media Manager y T\u00e9cnico de Marketing Digital en Adarsa, un grupo de concesionarios oficiales de Mercedes-Benz, smart, Mitsubishi, RAY y AdarsaRent, donde gestiono las campa\u00f1as de SEM, el contenido para las redes sociales, el dise\u00f1o gr\u00e1fico y la plataforma web\/e-commerce. Mi misi\u00f3n es ayudar a las empresas a incrementar su visibilidad, reputaci\u00f3n y ventas online, mediante estrategias de marketing adaptadas a las necesidades y<\/p>\n","protected":false},"author":1,"featured_media":0,"parent":0,"menu_order":0,"comment_status":"closed","ping_status":"closed","template":"","meta":{"om_disable_all_campaigns":false,"_monsterinsights_skip_tracking":false,"_monsterinsights_sitenote_active":false,"_monsterinsights_sitenote_note":"","_monsterinsights_sitenote_category":0,"_uf_show_specific_survey":0,"_uf_disable_surveys":false,"footnotes":""},"class_list":["post-266","page","type-page","status-publish","hentry"],"yoast_head":"<!-- This site is optimized with the Yoast SEO plugin v27.2 - https:\/\/yoast.com\/product\/yoast-seo-wordpress\/ -->\n<title>\u00bfQui\u00e9nes somos? - Agencia de Marketing Digital<\/title>\n<meta name=\"description\" content=\"\u00bfQui\u00e9nes somos? En Chakula Media agencia de marketing digital y publicidad en Asturias formamos un equipo que posee m\u00e1s de 15 a\u00f1os...\" \/>\n<meta name=\"robots\" content=\"index, follow, max-snippet:-1, max-image-preview:large, max-video-preview:-1\" \/>\n<link rel=\"canonical\" href=\"https:\/\/chakulamedia.es\/index.php\/quienes-somos\/\" \/>\n<meta property=\"og:locale\" content=\"es_ES\" \/>\n<meta property=\"og:type\" content=\"article\" \/>\n<meta property=\"og:title\" content=\"\u00bfQui\u00e9nes somos? - Agencia de Marketing Digital\" \/>\n<meta property=\"og:description\" content=\"\u00bfQui\u00e9nes somos? En Chakula Media agencia de marketing digital y publicidad en Asturias formamos un equipo que posee m\u00e1s de 15 a\u00f1os...\" \/>\n<meta property=\"og:url\" content=\"https:\/\/chakulamedia.es\/index.php\/quienes-somos\/\" \/>\n<meta property=\"og:site_name\" content=\"Agencia de Marketing Digital\" \/>\n<meta property=\"article:modified_time\" content=\"2024-09-07T14:38:44+00:00\" \/>\n<meta property=\"og:image\" content=\"http:\/\/chakulamedia.es\/wp-content\/uploads\/2024\/08\/IMG_2580-150x150.jpg\" \/>\n<meta name=\"twitter:card\" content=\"summary_large_image\" \/>\n<meta name=\"twitter:label1\" content=\"Tiempo de lectura\" \/>\n\t<meta name=\"twitter:data1\" content=\"1 minuto\" \/>\n<script type=\"application\/ld+json\" class=\"yoast-schema-graph\">{\"@context\":\"https:\/\/schema.org\",\"@graph\":[{\"@type\":\"WebPage\",\"@id\":\"https:\/\/chakulamedia.es\/index.php\/quienes-somos\/\",\"url\":\"https:\/\/chakulamedia.es\/index.php\/quienes-somos\/\",\"name\":\"\u00bfQui\u00e9nes somos? - Agencia de Marketing Digital\",\"isPartOf\":{\"@id\":\"https:\/\/chakulamedia.es\/#website\"},\"primaryImageOfPage\":{\"@id\":\"https:\/\/chakulamedia.es\/index.php\/quienes-somos\/#primaryimage\"},\"image\":{\"@id\":\"https:\/\/chakulamedia.es\/index.php\/quienes-somos\/#primaryimage\"},\"thumbnailUrl\":\"http:\/\/chakulamedia.es\/wp-content\/uploads\/2024\/08\/IMG_2580-150x150.jpg\",\"datePublished\":\"2024-08-24T09:58:50+00:00\",\"dateModified\":\"2024-09-07T14:38:44+00:00\",\"description\":\"\u00bfQui\u00e9nes somos? En Chakula Media agencia de marketing digital y publicidad en Asturias formamos un equipo que posee m\u00e1s de 15 a\u00f1os...\",\"breadcrumb\":{\"@id\":\"https:\/\/chakulamedia.es\/index.php\/quienes-somos\/#breadcrumb\"},\"inLanguage\":\"es\",\"potentialAction\":[{\"@type\":\"ReadAction\",\"target\":[\"https:\/\/chakulamedia.es\/index.php\/quienes-somos\/\"]}]},{\"@type\":\"ImageObject\",\"inLanguage\":\"es\",\"@id\":\"https:\/\/chakulamedia.es\/index.php\/quienes-somos\/#primaryimage\",\"url\":\"http:\/\/chakulamedia.es\/wp-content\/uploads\/2024\/08\/IMG_2580-150x150.jpg\",\"contentUrl\":\"http:\/\/chakulamedia.es\/wp-content\/uploads\/2024\/08\/IMG_2580-150x150.jpg\"},{\"@type\":\"BreadcrumbList\",\"@id\":\"https:\/\/chakulamedia.es\/index.php\/quienes-somos\/#breadcrumb\",\"itemListElement\":[{\"@type\":\"ListItem\",\"position\":1,\"name\":\"Home\",\"item\":\"https:\/\/chakulamedia.es\/\"},{\"@type\":\"ListItem\",\"position\":2,\"name\":\"\u00bfQui\u00e9nes somos?\"}]},{\"@type\":\"WebSite\",\"@id\":\"https:\/\/chakulamedia.es\/#website\",\"url\":\"https:\/\/chakulamedia.es\/\",\"name\":\"Agencia de Marketing Digital\",\"description\":\"Chakula Media es una agencia de marketing digital l\u00edder en el mercado, especializada en estrategias innovadoras para redes sociales, SEM (Search Engine Marketing) y SEO (Search Engine Optimization). Nuestro enfoque se centra en maximizar la visibilidad en l\u00ednea y el retorno de inversi\u00f3n para nuestros clientes\",\"potentialAction\":[{\"@type\":\"SearchAction\",\"target\":{\"@type\":\"EntryPoint\",\"urlTemplate\":\"https:\/\/chakulamedia.es\/?s={search_term_string}\"},\"query-input\":{\"@type\":\"PropertyValueSpecification\",\"valueRequired\":true,\"valueName\":\"search_term_string\"}}],\"inLanguage\":\"es\"}]}<\/script>\n<!-- \/ Yoast SEO plugin. -->","yoast_head_json":{"title":"\u00bfQui\u00e9nes somos? - Agencia de Marketing Digital","description":"\u00bfQui\u00e9nes somos? En Chakula Media agencia de marketing digital y publicidad en Asturias formamos un equipo que posee m\u00e1s de 15 a\u00f1os...","robots":{"index":"index","follow":"follow","max-snippet":"max-snippet:-1","max-image-preview":"max-image-preview:large","max-video-preview":"max-video-preview:-1"},"canonical":"https:\/\/chakulamedia.es\/index.php\/quienes-somos\/","og_locale":"es_ES","og_type":"article","og_title":"\u00bfQui\u00e9nes somos? - Agencia de Marketing Digital","og_description":"\u00bfQui\u00e9nes somos? En Chakula Media agencia de marketing digital y publicidad en Asturias formamos un equipo que posee m\u00e1s de 15 a\u00f1os...","og_url":"https:\/\/chakulamedia.es\/index.php\/quienes-somos\/","og_site_name":"Agencia de Marketing Digital","article_modified_time":"2024-09-07T14:38:44+00:00","og_image":[{"url":"http:\/\/chakulamedia.es\/wp-content\/uploads\/2024\/08\/IMG_2580-150x150.jpg","type":"","width":"","height":""}],"twitter_card":"summary_large_image","twitter_misc":{"Tiempo de lectura":"1 minuto"},"schema":{"@context":"https:\/\/schema.org","@graph":[{"@type":"WebPage","@id":"https:\/\/chakulamedia.es\/index.php\/quienes-somos\/","url":"https:\/\/chakulamedia.es\/index.php\/quienes-somos\/","name":"\u00bfQui\u00e9nes somos? - Agencia de Marketing Digital","isPartOf":{"@id":"https:\/\/chakulamedia.es\/#website"},"primaryImageOfPage":{"@id":"https:\/\/chakulamedia.es\/index.php\/quienes-somos\/#primaryimage"},"image":{"@id":"https:\/\/chakulamedia.es\/index.php\/quienes-somos\/#primaryimage"},"thumbnailUrl":"http:\/\/chakulamedia.es\/wp-content\/uploads\/2024\/08\/IMG_2580-150x150.jpg","datePublished":"2024-08-24T09:58:50+00:00","dateModified":"2024-09-07T14:38:44+00:00","description":"\u00bfQui\u00e9nes somos? En Chakula Media agencia de marketing digital y publicidad en Asturias formamos un equipo que posee m\u00e1s de 15 a\u00f1os...","breadcrumb":{"@id":"https:\/\/chakulamedia.es\/index.php\/quienes-somos\/#breadcrumb"},"inLanguage":"es","potentialAction":[{"@type":"ReadAction","target":["https:\/\/chakulamedia.es\/index.php\/quienes-somos\/"]}]},{"@type":"ImageObject","inLanguage":"es","@id":"https:\/\/chakulamedia.es\/index.php\/quienes-somos\/#primaryimage","url":"http:\/\/chakulamedia.es\/wp-content\/uploads\/2024\/08\/IMG_2580-150x150.jpg","contentUrl":"http:\/\/chakulamedia.es\/wp-content\/uploads\/2024\/08\/IMG_2580-150x150.jpg"},{"@type":"BreadcrumbList","@id":"https:\/\/chakulamedia.es\/index.php\/quienes-somos\/#breadcrumb","itemListElement":[{"@type":"ListItem","position":1,"name":"Home","item":"https:\/\/chakulamedia.es\/"},{"@type":"ListItem","position":2,"name":"\u00bfQui\u00e9nes somos?"}]},{"@type":"WebSite","@id":"https:\/\/chakulamedia.es\/#website","url":"https:\/\/chakulamedia.es\/","name":"Agencia de Marketing Digital","description":"Chakula Media es una agencia de marketing digital l\u00edder en el mercado, especializada en estrategias innovadoras para redes sociales, SEM (Search Engine Marketing) y SEO (Search Engine Optimization). Nuestro enfoque se centra en maximizar la visibilidad en l\u00ednea y el retorno de inversi\u00f3n para nuestros clientes","potentialAction":[{"@type":"SearchAction","target":{"@type":"EntryPoint","urlTemplate":"https:\/\/chakulamedia.es\/?s={search_term_string}"},"query-input":{"@type":"PropertyValueSpecification","valueRequired":true,"valueName":"search_term_string"}}],"inLanguage":"es"}]}},"_links":{"self":[{"href":"https:\/\/chakulamedia.es\/index.php\/wp-json\/wp\/v2\/pages\/266","targetHints":{"allow":["GET"]}}],"collection":[{"href":"https:\/\/chakulamedia.es\/index.php\/wp-json\/wp\/v2\/pages"}],"about":[{"href":"https:\/\/chakulamedia.es\/index.php\/wp-json\/wp\/v2\/types\/page"}],"author":[{"embeddable":true,"href":"https:\/\/chakulamedia.es\/index.php\/wp-json\/wp\/v2\/users\/1"}],"replies":[{"embeddable":true,"href":"https:\/\/chakulamedia.es\/index.php\/wp-json\/wp\/v2\/comments?post=266"}],"version-history":[{"count":20,"href":"https:\/\/chakulamedia.es\/index.php\/wp-json\/wp\/v2\/pages\/266\/revisions"}],"predecessor-version":[{"id":313,"href":"https:\/\/chakulamedia.es\/index.php\/wp-json\/wp\/v2\/pages\/266\/revisions\/313"}],"wp:attachment":[{"href":"https:\/\/chakulamedia.es\/index.php\/wp-json\/wp\/v2\/media?parent=266"}],"curies":[{"name":"wp","href":"https:\/\/api.w.org\/{rel}","templated":true}]}}